{"id":278,"date":"2023-09-18T20:06:38","date_gmt":"2023-09-19T01:06:38","guid":{"rendered":"https:\/\/servusabogados.com\/?page_id=278"},"modified":"2023-12-12T01:05:24","modified_gmt":"2023-12-12T06:05:24","slug":"contratacion-publica","status":"publish","type":"page","link":"https:\/\/servusabogados.com\/index.php\/contratacion-publica\/","title":{"rendered":"CONTRATACI\u00d3N P\u00daBLICA"},"content":{"rendered":"<p>[et_pb_section fb_built=&#8221;1&#8243; admin_label=&#8221;section&#8221; _builder_version=&#8221;3.3.1&#8243; background_color=&#8221;#001338&#8243; use_background_color_gradient=&#8221;on&#8221; background_color_gradient_start=&#8221;rgba(39,51,73,0.78)&#8221; background_color_gradient_end=&#8221;rgba(39,51,73,0.82)&#8221; background_color_gradient_overlays_image=&#8221;on&#8221; background_image=&#8221;https:\/\/servusabogados.com\/wp-content\/uploads\/2023\/05\/7-3.png&#8221; custom_padding=&#8221;0|0px|49px|0px|false|false&#8221; animation_style=&#8221;fade&#8221;][et_pb_row custom_padding=&#8221;86px|0px|0|0px|false|false&#8221; admin_label=&#8221;row&#8221; _builder_version=&#8221;3.3.1&#8243; background_size=&#8221;initial&#8221; background_position=&#8221;top_left&#8221; background_repeat=&#8221;repeat&#8221; animation_style=&#8221;fade&#8221;][et_pb_column type=&#8221;4_4&#8243; _builder_version=&#8221;3.0.47&#8243; parallax=&#8221;off&#8221; parallax_method=&#8221;on&#8221;][et_pb_text admin_label=&#8221;Text&#8221; _builder_version=&#8221;3.3.1&#8243; text_font=&#8221;Assistant||||||||&#8221; text_text_color=&#8221;#e09900&#8243; text_font_size=&#8221;40px&#8221; background_size=&#8221;initial&#8221; background_position=&#8221;top_left&#8221; background_repeat=&#8221;repeat&#8221;]<\/p>\n<p style=\"text-align: center;\"><strong>CONTRATACI\u00d3N P\u00daBLICA<\/strong><\/p>\n<p>[\/et_pb_text][et_pb_text admin_label=&#8221;Text&#8221; _builder_version=&#8221;3.3.1&#8243; text_font=&#8221;Assistant||||||||&#8221; text_font_size=&#8221;23px&#8221; background_size=&#8221;initial&#8221; background_position=&#8221;top_left&#8221; background_repeat=&#8221;repeat&#8221;]<\/p>\n<p style=\"text-align: center;\"><span color=\"#ffffff\" style=\"color: #ffffff;\"><span><span color=\"#ffffff\"><b><i>\u201cDefendemos tus derechos, porque tu tranquilidad es nuestra prioridad<\/i><\/b><b><i>\u201d<\/i><\/b><\/span><\/span><\/span><\/p>\n<p>[\/et_pb_text][\/et_pb_column][\/et_pb_row][et_pb_row custom_padding=&#8221;27px|0px|43px|0px|false|false&#8221; _builder_version=&#8221;3.3.1&#8243; animation_style=&#8221;fade&#8221;][et_pb_column type=&#8221;1_3&#8243; _builder_version=&#8221;3.3.1&#8243; parallax=&#8221;off&#8221; parallax_method=&#8221;on&#8221;][et_pb_button button_text=&#8221;Asesor\u00eda WhatsApp&#8221; button_alignment=&#8221;center&#8221; _builder_version=&#8221;3.3.1&#8243; custom_button=&#8221;on&#8221; button_text_size=&#8221;18px&#8221; button_text_color=&#8221;#ffffff&#8221; button_bg_color=&#8221;#e09900&#8243; button_border_color=&#8221;#e09900&#8243; button_border_radius=&#8221;13px&#8221; button_font=&#8221;Assistant||||||||&#8221; button_icon=&#8221;%%27%%&#8221; button_icon_color=&#8221;#ffffff&#8221; button_text_color_hover=&#8221;#ffffff&#8221; button_bg_color_hover=&#8221;#e09900&#8243; button_border_color_hover=&#8221;#e09900&#8243; box_shadow_style=&#8221;preset1&#8243;][\/et_pb_button][\/et_pb_column][et_pb_column type=&#8221;1_3&#8243; _builder_version=&#8221;3.3.1&#8243; parallax=&#8221;off&#8221; parallax_method=&#8221;on&#8221;][et_pb_button button_url=&#8221;mailto:info@servusabogados.com&#8221; button_text=&#8221;Enviar E-mail&#8221; button_alignment=&#8221;center&#8221; _builder_version=&#8221;3.3.1&#8243; custom_button=&#8221;on&#8221; button_text_size=&#8221;18px&#8221; button_text_color=&#8221;#ffffff&#8221; button_bg_color=&#8221;#e09900&#8243; button_border_color=&#8221;#e09900&#8243; button_border_radius=&#8221;13px&#8221; button_font=&#8221;Assistant||||||||&#8221; button_icon=&#8221;%%27%%&#8221; button_icon_color=&#8221;#ffffff&#8221; button_text_color_hover=&#8221;#ffffff&#8221; button_bg_color_hover=&#8221;#e09900&#8243; button_border_color_hover=&#8221;#e09900&#8243; box_shadow_style=&#8221;preset1&#8243;][\/et_pb_button][\/et_pb_column][et_pb_column type=&#8221;1_3&#8243; _builder_version=&#8221;3.3.1&#8243; parallax=&#8221;off&#8221; parallax_method=&#8221;on&#8221;][et_pb_button button_url=&#8221;tel:+573148321326&#8243; button_text=&#8221;Llamar ahora&#8221; button_alignment=&#8221;center&#8221; _builder_version=&#8221;3.3.1&#8243; custom_button=&#8221;on&#8221; button_text_size=&#8221;18px&#8221; button_text_color=&#8221;#ffffff&#8221; button_bg_color=&#8221;#e09900&#8243; button_border_color=&#8221;#e09900&#8243; button_border_radius=&#8221;13px&#8221; button_font=&#8221;Assistant||||||||&#8221; button_icon=&#8221;%%27%%&#8221; button_icon_color=&#8221;#ffffff&#8221; button_text_color_hover=&#8221;#ffffff&#8221; button_bg_color_hover=&#8221;#e09900&#8243; button_border_color_hover=&#8221;#e09900&#8243; box_shadow_style=&#8221;preset1&#8243;][\/et_pb_button][\/et_pb_column][\/et_pb_row][\/et_pb_section][et_pb_section fb_built=&#8221;1&#8243; _builder_version=&#8221;3.3.1&#8243; custom_padding=&#8221;0|0px|0|0px|false|false&#8221; animation_style=&#8221;fade&#8221;][et_pb_row custom_padding=&#8221;67.4219px|0px|46px|0px|false|false&#8221; _builder_version=&#8221;3.3.1&#8243;][et_pb_column type=&#8221;1_2&#8243; _builder_version=&#8221;3.3.1&#8243; parallax=&#8221;off&#8221; parallax_method=&#8221;on&#8221;][et_pb_image src=&#8221;https:\/\/servusabogados.com\/wp-content\/uploads\/2023\/12\/IMG_4212.jpeg&#8221; _builder_version=&#8221;3.3.1&#8243;][\/et_pb_image][\/et_pb_column][et_pb_column type=&#8221;1_2&#8243; _builder_version=&#8221;3.3.1&#8243; parallax=&#8221;off&#8221; parallax_method=&#8221;on&#8221;][et_pb_text _builder_version=&#8221;3.3.1&#8243; text_font=&#8221;Assistant||||||||&#8221; text_font_size=&#8221;20px&#8221; text_text_color=&#8221;#000000&#8243;]<\/p>\n<p style=\"text-align: justify;\"><span style=\"font-weight: 400;\">Ofrecemos asesoramiento especializado en contrataci\u00f3n p\u00fablica para acompa\u00f1arte de manera continua en cada fase necesaria para obtener un contrato con el Estado o participar en proyectos de contrataci\u00f3n con entidades gubernamentales. Con la experiencia calificada de nuestros abogados en contrataci\u00f3n p\u00fablica, podemos resolver eficazmente cualquier problema que surja en un plazo razonable y asegurar que los resultados al final del proceso sean satisfactorios para ti.<\/span><\/p>\n<p>[\/et_pb_text][\/et_pb_column][\/et_pb_row][\/et_pb_section][et_pb_section fb_built=&#8221;1&#8243; _builder_version=&#8221;3.3.1&#8243; custom_padding=&#8221;0|0px|0|0px|false|false&#8221;][et_pb_row custom_padding=&#8221;0|0px|29px|0px|false|false&#8221; _builder_version=&#8221;3.3.1&#8243; animation_style=&#8221;slide&#8221;][et_pb_column type=&#8221;4_4&#8243; _builder_version=&#8221;3.3.1&#8243; parallax=&#8221;off&#8221; parallax_method=&#8221;on&#8221;][et_pb_text admin_label=&#8221;Text&#8221; _builder_version=&#8221;3.3.1&#8243; text_font=&#8221;Assistant||||||||&#8221; text_text_color=&#8221;#e09900&#8243; text_font_size=&#8221;27px&#8221; background_size=&#8221;initial&#8221; background_position=&#8221;top_left&#8221; background_repeat=&#8221;repeat&#8221; animation_style=&#8221;slide&#8221;]<\/p>\n<p style=\"text-align: center;\"><strong>NUESTROS SERVICIOS<\/strong><\/p>\n<p>[\/et_pb_text][\/et_pb_column][\/et_pb_row][\/et_pb_section][et_pb_section fb_built=&#8221;1&#8243; _builder_version=&#8221;3.3.1&#8243; custom_padding=&#8221;5px|0px|53px|0px|false|false&#8221; animation_style=&#8221;fade&#8221;][et_pb_row custom_padding=&#8221;0|0px|33.7109px|0px|false|false&#8221; _builder_version=&#8221;3.3.1&#8243;][et_pb_column type=&#8221;1_2&#8243; _builder_version=&#8221;3.3.1&#8243; parallax=&#8221;off&#8221; parallax_method=&#8221;on&#8221;][et_pb_text _builder_version=&#8221;3.3.1&#8243; text_font=&#8221;||||||||&#8221; text_font_size=&#8221;18px&#8221;]<\/p>\n<p><span style=\"color: #000000;\">\u2666\u00a0Asesor\u00edas a contratistas desde la suscripci\u00f3n, ejecuci\u00f3n y liquidaci\u00f3n de contratos p\u00fablicos<\/span><\/p>\n<p>[\/et_pb_text][et_pb_text _builder_version=&#8221;3.3.1&#8243; text_font=&#8221;||||||||&#8221; text_font_size=&#8221;18px&#8221;]<\/p>\n<p><span style=\"color: #000000;\">\u2666 <span>Acompa\u00f1amiento en el proceso de licitaci\u00f3n de su empresa para personas jur\u00eddicas y naturales.( An\u00e1lisis de la empresa en el mercado.)<\/span><\/span><\/p>\n<p>[\/et_pb_text][et_pb_text _builder_version=&#8221;3.3.1&#8243; text_font=&#8221;||||||||&#8221; text_font_size=&#8221;18px&#8221;]<\/p>\n<p><span style=\"color: #000000;\">\u2666 <span>Asesor\u00eda integral en el funcionamiento de SECOP II- Te\u00f3rico- Pr\u00e1ctica<\/span><\/span><\/p>\n<p>[\/et_pb_text][et_pb_text _builder_version=&#8221;3.3.1&#8243; text_font=&#8221;||||||||&#8221; text_font_size=&#8221;18px&#8221;]<\/p>\n<p><span style=\"color: #000000;\">\u2666<span>\u00a0Asesor\u00eda en cada una de las modalidades de selecci\u00f3n de contrataci\u00f3n p\u00fablica<\/span><\/span><\/p>\n<p>[\/et_pb_text][\/et_pb_column][et_pb_column type=&#8221;1_2&#8243; _builder_version=&#8221;3.3.1&#8243; parallax=&#8221;off&#8221; parallax_method=&#8221;on&#8221;][et_pb_text _builder_version=&#8221;3.3.1&#8243; text_font=&#8221;||||||||&#8221; text_font_size=&#8221;18px&#8221;]<\/p>\n<p><span style=\"color: #000000;\">\u2666 <span>Representaci\u00f3n jur\u00eddica en procesos licitatorios.<\/span><\/span><\/p>\n<p>[\/et_pb_text][et_pb_text _builder_version=&#8221;3.3.1&#8243; text_font=&#8221;||||||||&#8221; text_font_size=&#8221;18px&#8221;]<\/p>\n<p><span style=\"color: #000000;\">\u2666\u00a0<span>Capacitaci\u00f3n en conceptos jur\u00eddicos en materia de licitaci\u00f3n p\u00fablica<\/span><\/span><\/p>\n<p>[\/et_pb_text][et_pb_text _builder_version=&#8221;3.3.1&#8243; text_font=&#8221;||||||||&#8221; text_font_size=&#8221;18px&#8221;]<\/p>\n<p><span style=\"color: #000000;\">\u2666 <span>Acompa\u00f1amiento en el proceso de licitaci\u00f3n de su empresa para personas jur\u00eddicas y naturales.(<\/span> <span>An\u00e1lisis de la empresa en el mercado.)<\/span><\/span><\/p>\n<p>[\/et_pb_text][\/et_pb_column][\/et_pb_row][et_pb_row _builder_version=&#8221;3.3.1&#8243; custom_padding=&#8221;0|0px|0|0px|false|false&#8221;][et_pb_column type=&#8221;4_4&#8243; _builder_version=&#8221;3.3.1&#8243; parallax=&#8221;off&#8221; parallax_method=&#8221;on&#8221;][et_pb_button button_text=&#8221;Cont\u00e1ctenos&#8221; button_alignment=&#8221;center&#8221; _builder_version=&#8221;3.3.1&#8243; custom_button=&#8221;on&#8221; button_text_size=&#8221;18px&#8221; button_text_color=&#8221;#ffffff&#8221; button_bg_color=&#8221;#e09900&#8243; button_border_color=&#8221;#e09900&#8243; button_border_radius=&#8221;13px&#8221; button_font=&#8221;Assistant||||||||&#8221; button_icon=&#8221;%%27%%&#8221; button_icon_color=&#8221;#ffffff&#8221; button_text_color_hover=&#8221;#ffffff&#8221; button_bg_color_hover=&#8221;#e09900&#8243; button_border_color_hover=&#8221;#e09900&#8243; box_shadow_style=&#8221;preset1&#8243;][\/et_pb_button][\/et_pb_column][\/et_pb_row][\/et_pb_section][et_pb_section fb_built=&#8221;1&#8243; _builder_version=&#8221;3.3.1&#8243; background_color=&#8221;#273349&#8243; custom_padding=&#8221;0|0px|0|0px|false|false&#8221;][et_pb_row custom_padding=&#8221;45px|0px|43px|0px|false|false&#8221; _builder_version=&#8221;3.3.1&#8243;][et_pb_column type=&#8221;1_4&#8243; _builder_version=&#8221;3.3.1&#8243; parallax=&#8221;off&#8221; parallax_method=&#8221;on&#8221;][et_pb_image src=&#8221;https:\/\/servusabogados.com\/wp-content\/uploads\/2023\/09\/45DBC0C5-605E-4C41-A73A-51DAAF7FBFB8.png&#8221; _builder_version=&#8221;3.3.1&#8243;][\/et_pb_image][\/et_pb_column][et_pb_column type=&#8221;1_4&#8243; _builder_version=&#8221;3.3.1&#8243; parallax=&#8221;off&#8221; parallax_method=&#8221;on&#8221;][et_pb_text _builder_version=&#8221;3.3.1&#8243; text_font=&#8221;||||||||&#8221; text_text_color=&#8221;#e09900&#8243;]<\/p>\n<p><b>Enlaces<\/b><\/p>\n<p>[\/et_pb_text][et_pb_button button_url=&#8221;https:\/\/servusabogados.com\/index.php\/quienes-somos\/&#8221; button_text=&#8221;Nuestra Firma&#8221; button_alignment=&#8221;left&#8221; _builder_version=&#8221;3.3.1&#8243; custom_button=&#8221;on&#8221; button_text_size=&#8221;14px&#8221; button_border_width=&#8221;0px&#8221; button_font=&#8221;||||||||&#8221;][\/et_pb_button][et_pb_button button_url=&#8221;https:\/\/servusabogados.com\/index.php\/abogados\/&#8221; button_text=&#8221;Abogados&#8221; button_alignment=&#8221;left&#8221; _builder_version=&#8221;3.3.1&#8243; custom_button=&#8221;on&#8221; button_text_size=&#8221;14px&#8221; button_border_width=&#8221;0px&#8221; button_font=&#8221;||||||||&#8221;][\/et_pb_button][et_pb_button button_url=&#8221;https:\/\/servusabogados.com\/index.php\/abogados\/&#8221; button_text=&#8221;Pol\u00edticas de Privacidad&#8221; button_alignment=&#8221;left&#8221; _builder_version=&#8221;3.3.1&#8243; custom_button=&#8221;on&#8221; button_text_size=&#8221;14px&#8221; button_border_width=&#8221;0px&#8221; button_font=&#8221;||||||||&#8221;][\/et_pb_button][\/et_pb_column][et_pb_column type=&#8221;1_4&#8243; _builder_version=&#8221;3.3.1&#8243; parallax=&#8221;off&#8221; parallax_method=&#8221;on&#8221;][et_pb_text _builder_version=&#8221;3.3.1&#8243; text_font=&#8221;||||||||&#8221; text_text_color=&#8221;#e09900&#8243;]<\/p>\n<p><b>\u00c1reas de Pr\u00e1ctica<\/b><\/p>\n<p>[\/et_pb_text][et_pb_button button_url=&#8221;https:\/\/servusabogados.com\/index.php\/derecho-administrativo-2\/&#8221; button_text=&#8221;Derecho Administrativo&#8221; button_alignment=&#8221;left&#8221; _builder_version=&#8221;3.3.1&#8243; custom_button=&#8221;on&#8221; button_text_size=&#8221;14px&#8221; button_border_width=&#8221;0px&#8221; button_font=&#8221;||||||||&#8221;][\/et_pb_button][et_pb_button button_url=&#8221;https:\/\/servusabogados.com\/index.php\/derecho-civil\/&#8221; button_text=&#8221;Derecho Civil&#8221; button_alignment=&#8221;left&#8221; _builder_version=&#8221;3.3.1&#8243; custom_button=&#8221;on&#8221; button_text_size=&#8221;14px&#8221; button_border_width=&#8221;0px&#8221; button_font=&#8221;||||||||&#8221;][\/et_pb_button][et_pb_button button_url=&#8221;https:\/\/servusabogados.com\/index.php\/derecho-comercial\/&#8221; button_text=&#8221;Derecho Comercial&#8221; button_alignment=&#8221;left&#8221; _builder_version=&#8221;3.3.1&#8243; custom_button=&#8221;on&#8221; button_text_size=&#8221;14px&#8221; button_border_width=&#8221;0px&#8221; button_font=&#8221;||||||||&#8221;][\/et_pb_button][et_pb_button button_url=&#8221;https:\/\/servusabogados.com\/index.php\/derecho-administrativo\/&#8221; button_text=&#8221;Derecho Familiar&#8221; button_alignment=&#8221;left&#8221; _builder_version=&#8221;3.3.1&#8243; custom_button=&#8221;on&#8221; button_text_size=&#8221;14px&#8221; button_border_width=&#8221;0px&#8221; button_font=&#8221;||||||||&#8221;][\/et_pb_button][et_pb_button button_url=&#8221;https:\/\/servusabogados.com\/index.php\/derecho-laboral-y-seguridad-social\/&#8221; button_text=&#8221;Derecho Laboral&#8221; button_alignment=&#8221;left&#8221; _builder_version=&#8221;3.3.1&#8243; custom_button=&#8221;on&#8221; button_text_size=&#8221;14px&#8221; button_border_width=&#8221;0px&#8221; button_font=&#8221;||||||||&#8221;][\/et_pb_button][et_pb_button button_url=&#8221;https:\/\/servusabogados.com\/index.php\/derecho-notarial\/&#8221; button_text=&#8221;Derecho Notarial&#8221; button_alignment=&#8221;left&#8221; _builder_version=&#8221;3.3.1&#8243; custom_button=&#8221;on&#8221; button_text_size=&#8221;14px&#8221; button_border_width=&#8221;0px&#8221; button_font=&#8221;||||||||&#8221;][\/et_pb_button][et_pb_button button_text=&#8221;Derecho Penal&#8221; button_alignment=&#8221;left&#8221; _builder_version=&#8221;3.3.1&#8243; custom_button=&#8221;on&#8221; button_text_size=&#8221;14px&#8221; button_border_width=&#8221;0px&#8221; button_font=&#8221;||||||||&#8221;][\/et_pb_button][\/et_pb_column][et_pb_column type=&#8221;1_4&#8243; _builder_version=&#8221;3.3.1&#8243; parallax=&#8221;off&#8221; parallax_method=&#8221;on&#8221;][et_pb_text _builder_version=&#8221;3.3.1&#8243; text_font=&#8221;||||||||&#8221; text_text_color=&#8221;#e09900&#8243;]<\/p>\n<p><b>Contacto<\/b><\/p>\n<p>[\/et_pb_text][et_pb_text _builder_version=&#8221;3.3.1&#8243; text_font=&#8221;||||||||&#8221; text_text_color=&#8221;#ffffff&#8221;]<\/p>\n<p><strong>Email<\/strong>: <a href=\"mailto:info@servusabogados.com\">info@servusabogados.com<\/a><\/p>\n<p><strong>Tel\u00e9fonos<\/strong>: +57 601 7040660<\/p>\n<p><strong>Celular<\/strong>: +57 301 638 57 97<\/p>\n<p><strong>Direcci\u00f3n<\/strong>: Carrera 8 N 17 &#8211; 50 Of 501<\/p>\n<p><strong>Correspondencia<\/strong>: Calle 19 N 3 &#8211; 50 Of 1303<\/p>\n<p>&nbsp;<\/p>\n<p>[\/et_pb_text][et_pb_divider show_divider=&#8221;off&#8221; _builder_version=&#8221;3.3.1&#8243;][\/et_pb_divider][\/et_pb_column][\/et_pb_row][\/et_pb_section]<\/p>\n","protected":false},"excerpt":{"rendered":"<p>[et_pb_section fb_built=&#8221;1&#8243; admin_label=&#8221;section&#8221; _builder_version=&#8221;3.3.1&#8243; background_color=&#8221;#001338&#8243; use_background_color_gradient=&#8221;on&#8221; background_color_gradient_start=&#8221;rgba(39,51,73,0.78)&#8221; background_color_gradient_end=&#8221;rgba(39,51,73,0.82)&#8221; background_color_gradient_overlays_image=&#8221;on&#8221; background_image=&#8221;https:\/\/servusabogados.com\/wp-content\/uploads\/2023\/05\/7-3.png&#8221; custom_padding=&#8221;0|0px|49px|0px|false|false&#8221; animation_style=&#8221;fade&#8221;][et_pb_row custom_padding=&#8221;86px|0px|0|0px|false|false&#8221; admin_label=&#8221;row&#8221; _builder_version=&#8221;3.3.1&#8243; background_size=&#8221;initial&#8221; background_position=&#8221;top_left&#8221; background_repeat=&#8221;repeat&#8221; animation_style=&#8221;fade&#8221;][et_pb_column type=&#8221;4_4&#8243; _builder_version=&#8221;3.0.47&#8243; parallax=&#8221;off&#8221; parallax_method=&#8221;on&#8221;][et_pb_text admin_label=&#8221;Text&#8221; _builder_version=&#8221;3.3.1&#8243; text_font=&#8221;Assistant||||||||&#8221; text_text_color=&#8221;#e09900&#8243; text_font_size=&#8221;40px&#8221; background_size=&#8221;initial&#8221; background_position=&#8221;top_left&#8221; background_repeat=&#8221;repeat&#8221;] CONTRATACI\u00d3N P\u00daBLICA [\/et_pb_text][et_pb_text admin_label=&#8221;Text&#8221; _builder_version=&#8221;3.3.1&#8243; text_font=&#8221;Assistant||||||||&#8221; text_font_size=&#8221;23px&#8221; background_size=&#8221;initial&#8221; background_position=&#8221;top_left&#8221; background_repeat=&#8221;repeat&#8221;] \u201cDefendemos tus derechos, porque tu tranquilidad es nuestra prioridad\u201d [\/et_pb_text][\/et_pb_column][\/et_pb_row][et_pb_row custom_padding=&#8221;27px|0px|43px|0px|false|false&#8221; _builder_version=&#8221;3.3.1&#8243; animation_style=&#8221;fade&#8221;][et_pb_column type=&#8221;1_3&#8243; [&hellip;]<\/p>\n","protected":false},"author":1,"featured_media":0,"parent":0,"menu_order":0,"comment_status":"closed","ping_status":"closed","template":"","meta":{"footnotes":""},"_links":{"self":[{"href":"https:\/\/servusabogados.com\/index.php\/wp-json\/wp\/v2\/pages\/278"}],"collection":[{"href":"https:\/\/servusabogados.com\/index.php\/wp-json\/wp\/v2\/pages"}],"about":[{"href":"https:\/\/servusabogados.com\/index.php\/wp-json\/wp\/v2\/types\/page"}],"author":[{"embeddable":true,"href":"https:\/\/servusabogados.com\/index.php\/wp-json\/wp\/v2\/users\/1"}],"replies":[{"embeddable":true,"href":"https:\/\/servusabogados.com\/index.php\/wp-json\/wp\/v2\/comments?post=278"}],"version-history":[{"count":14,"href":"https:\/\/servusabogados.com\/index.php\/wp-json\/wp\/v2\/pages\/278\/revisions"}],"predecessor-version":[{"id":973,"href":"https:\/\/servusabogados.com\/index.php\/wp-json\/wp\/v2\/pages\/278\/revisions\/973"}],"wp:attachment":[{"href":"https:\/\/servusabogados.com\/index.php\/wp-json\/wp\/v2\/media?parent=278"}],"curies":[{"name":"wp","href":"https:\/\/api.w.org\/{rel}","templated":true}]}}