{"id":96,"date":"2023-05-03T21:44:29","date_gmt":"2023-05-04T02:44:29","guid":{"rendered":"https:\/\/servusabogados.com\/?page_id=96"},"modified":"2023-12-12T03:31:01","modified_gmt":"2023-12-12T08:31:01","slug":"derecho-administrativo","status":"publish","type":"page","link":"https:\/\/servusabogados.com\/index.php\/derecho-administrativo\/","title":{"rendered":"DERECHO FAMILIAR"},"content":{"rendered":"<p>[et_pb_section fb_built=&#8221;1&#8243; admin_label=&#8221;section&#8221; _builder_version=&#8221;3.3.1&#8243; background_color=&#8221;#001338&#8243; background_image=&#8221;https:\/\/servusabogados.com\/wp-content\/uploads\/2023\/05\/Abogado-Servus-Fondo.jpg&#8221; custom_padding=&#8221;0|0px|54px|0px|false|false&#8221; saved_tabs=&#8221;all&#8221;][et_pb_row custom_padding=&#8221;65px|0px|0|0px|false|false&#8221; admin_label=&#8221;row&#8221; _builder_version=&#8221;3.0.47&#8243; background_size=&#8221;initial&#8221; background_position=&#8221;top_left&#8221; background_repeat=&#8221;repeat&#8221;][et_pb_column type=&#8221;4_4&#8243; _builder_version=&#8221;3.0.47&#8243; parallax=&#8221;off&#8221; parallax_method=&#8221;on&#8221;][et_pb_text admin_label=&#8221;Text&#8221; _builder_version=&#8221;3.3.1&#8243; text_font=&#8221;Assistant||||||||&#8221; text_text_color=&#8221;#e09900&#8243; text_font_size=&#8221;40px&#8221; background_size=&#8221;initial&#8221; background_position=&#8221;top_left&#8221; background_repeat=&#8221;repeat&#8221;]<\/p>\n<p style=\"text-align: center;\"><b>DERECHO DE FAMILIA<\/b><\/p>\n<p>[\/et_pb_text][et_pb_text admin_label=&#8221;Text&#8221; _builder_version=&#8221;3.3.1&#8243; text_font=&#8221;Assistant||||||||&#8221; text_font_size=&#8221;23px&#8221; background_size=&#8221;initial&#8221; background_position=&#8221;top_left&#8221; background_repeat=&#8221;repeat&#8221;]<\/p>\n<p style=\"text-align: center;\"><span style=\"color: #ffffff;\"><span style=\"vertical-align: inherit;\"><span style=\"vertical-align: inherit;\"><span><span color=\"#ffffff\"><b><i>\u201cDefendemos tus derechos, porque tu tranquilidad es nuestra prioridad<\/i><\/b><b><i>\u201d<\/i><\/b><\/span><\/span><\/span><\/span><\/span><\/p>\n<p>[\/et_pb_text][\/et_pb_column][\/et_pb_row][et_pb_row custom_padding=&#8221;27px|0px|32px|0px|false|false&#8221; _builder_version=&#8221;3.3.1&#8243;][et_pb_column type=&#8221;1_3&#8243; _builder_version=&#8221;3.3.1&#8243; parallax=&#8221;off&#8221; parallax_method=&#8221;on&#8221;][et_pb_button button_url=&#8221;https:\/\/api.whatsapp.com\/send\/?phone=573016385797&#038;text&#038;type=phone_number&#038;app_absent=0&#8243; button_text=&#8221;Asesor\u00eda WhatsApp&#8221; button_alignment=&#8221;center&#8221; _builder_version=&#8221;3.3.1&#8243; custom_button=&#8221;on&#8221; button_text_size=&#8221;18px&#8221; button_text_color=&#8221;#ffffff&#8221; button_bg_color=&#8221;#e09900&#8243; button_border_color=&#8221;#e09900&#8243; button_border_radius=&#8221;13px&#8221; button_font=&#8221;Assistant||||||||&#8221; button_icon=&#8221;%%27%%&#8221; button_icon_color=&#8221;#ffffff&#8221; button_text_color_hover=&#8221;#ffffff&#8221; button_bg_color_hover=&#8221;#e09900&#8243; button_border_color_hover=&#8221;#e09900&#8243; box_shadow_style=&#8221;preset1&#8243;][\/et_pb_button][\/et_pb_column][et_pb_column type=&#8221;1_3&#8243; _builder_version=&#8221;3.3.1&#8243; parallax=&#8221;off&#8221; parallax_method=&#8221;on&#8221;][et_pb_button button_url=&#8221;mailto:info@servusabogados.com&#8221; button_text=&#8221;Enviar E-mail&#8221; button_alignment=&#8221;center&#8221; _builder_version=&#8221;3.3.1&#8243; custom_button=&#8221;on&#8221; button_text_size=&#8221;18px&#8221; button_text_color=&#8221;#ffffff&#8221; button_bg_color=&#8221;#e09900&#8243; button_border_color=&#8221;#e09900&#8243; button_border_radius=&#8221;13px&#8221; button_font=&#8221;Assistant||||||||&#8221; button_icon=&#8221;%%27%%&#8221; button_icon_color=&#8221;#ffffff&#8221; button_text_color_hover=&#8221;#ffffff&#8221; button_bg_color_hover=&#8221;#e09900&#8243; button_border_color_hover=&#8221;#e09900&#8243; box_shadow_style=&#8221;preset1&#8243;][\/et_pb_button][\/et_pb_column][et_pb_column type=&#8221;1_3&#8243; _builder_version=&#8221;3.3.1&#8243; parallax=&#8221;off&#8221; parallax_method=&#8221;on&#8221;][et_pb_button button_url=&#8221;tel:+573148321326&#8243; button_text=&#8221;Llamar ahora&#8221; button_alignment=&#8221;center&#8221; _builder_version=&#8221;3.3.1&#8243; custom_button=&#8221;on&#8221; button_text_size=&#8221;18px&#8221; button_text_color=&#8221;#ffffff&#8221; button_bg_color=&#8221;#e09900&#8243; button_border_color=&#8221;#e09900&#8243; button_border_radius=&#8221;13px&#8221; button_font=&#8221;Assistant||||||||&#8221; button_icon=&#8221;%%27%%&#8221; button_icon_color=&#8221;#ffffff&#8221; button_text_color_hover=&#8221;#ffffff&#8221; button_bg_color_hover=&#8221;#e09900&#8243; button_border_color_hover=&#8221;#e09900&#8243; box_shadow_style=&#8221;preset1&#8243;][\/et_pb_button][\/et_pb_column][\/et_pb_row][\/et_pb_section][et_pb_section fb_built=&#8221;1&#8243; _builder_version=&#8221;3.3.1&#8243; custom_padding=&#8221;0|0px|0|0px|false|false&#8221; animation_style=&#8221;fade&#8221;][et_pb_row custom_padding=&#8221;67.4219px|0px|33px|0px|false|false&#8221; _builder_version=&#8221;3.3.1&#8243;][et_pb_column type=&#8221;1_2&#8243; _builder_version=&#8221;3.3.1&#8243; parallax=&#8221;off&#8221; parallax_method=&#8221;on&#8221;][et_pb_image src=&#8221;https:\/\/servusabogados.com\/wp-content\/uploads\/2023\/12\/IMG_4215.jpeg&#8221; _builder_version=&#8221;3.3.1&#8243;][\/et_pb_image][\/et_pb_column][et_pb_column type=&#8221;1_2&#8243; _builder_version=&#8221;3.3.1&#8243; parallax=&#8221;off&#8221; parallax_method=&#8221;on&#8221;][et_pb_text _builder_version=&#8221;3.3.1&#8243; text_font=&#8221;Assistant||||||||&#8221; text_text_color=&#8221;#000000&#8243; text_font_size=&#8221;20px&#8221;]<\/p>\n<p style=\"text-align: justify;\">En nuestra gama de servicios, reconocemos que la familia constituye el pilar fundamental de la sociedad, independientemente de su composici\u00f3n.<\/p>\n<p style=\"text-align: justify;\">Nuestra dedicaci\u00f3n se centra en proporcionar un respaldo legal s\u00f3lido para preservar y fortalecer la protecci\u00f3n de las familias, sin importar su estructura, con un enfoque especial en su bienestar y seguridad jur\u00eddica.<\/p>\n<p>[\/et_pb_text][\/et_pb_column][\/et_pb_row][\/et_pb_section][et_pb_section fb_built=&#8221;1&#8243; _builder_version=&#8221;3.3.1&#8243; custom_padding=&#8221;0|0px|4px|0px|false|false&#8221;][et_pb_row custom_padding=&#8221;0|0px|21px|0px|false|false&#8221; _builder_version=&#8221;3.3.1&#8243; animation_style=&#8221;slide&#8221;][et_pb_column type=&#8221;4_4&#8243; _builder_version=&#8221;3.3.1&#8243; parallax=&#8221;off&#8221; parallax_method=&#8221;on&#8221;][et_pb_text admin_label=&#8221;Text&#8221; _builder_version=&#8221;3.3.1&#8243; text_font=&#8221;Assistant||||||||&#8221; text_text_color=&#8221;#e09900&#8243; text_font_size=&#8221;27px&#8221; background_size=&#8221;initial&#8221; background_position=&#8221;top_left&#8221; background_repeat=&#8221;repeat&#8221; animation_style=&#8221;slide&#8221;]<\/p>\n<p style=\"text-align: center;\"><strong>NUESTROS SERVICIOS<\/strong><\/p>\n<p>[\/et_pb_text][\/et_pb_column][\/et_pb_row][\/et_pb_section][et_pb_section fb_built=&#8221;1&#8243; _builder_version=&#8221;3.3.1&#8243; custom_padding=&#8221;0|0px|0|0px|false|false&#8221; animation_style=&#8221;fade&#8221;][et_pb_row custom_padding=&#8221;3px|0px|37px|0px|false|false&#8221; _builder_version=&#8221;3.3.1&#8243;][et_pb_column type=&#8221;1_2&#8243; _builder_version=&#8221;3.3.1&#8243; parallax=&#8221;off&#8221; parallax_method=&#8221;on&#8221;][et_pb_text _builder_version=&#8221;3.3.1&#8243; text_font=&#8221;||||||||&#8221; text_font_size=&#8221;18px&#8221;]<\/p>\n<p><span>\u2666 Separaci\u00f3n de bienes voluntarias y contenciosas.<\/span><\/p>\n<p>[\/et_pb_text][et_pb_text _builder_version=&#8221;3.3.1&#8243; text_font=&#8221;||||||||&#8221; text_font_size=&#8221;18px&#8221;]<\/p>\n<p><span>\u2666 Capitulaciones matrimoniales y maritales.<\/span><\/p>\n<p>[\/et_pb_text][et_pb_text _builder_version=&#8221;3.3.1&#8243; text_font=&#8221;||||||||&#8221; text_font_size=&#8221;18px&#8221;]<\/p>\n<p><span>\u2666 Divorcios.<\/span><\/p>\n<p>[\/et_pb_text][et_pb_text _builder_version=&#8221;3.3.1&#8243; text_font=&#8221;||||||||&#8221; text_font_size=&#8221;18px&#8221;]<\/p>\n<p><span>\u2666 Declaraci\u00f3n de uni\u00f3n marital de hecho y sociedad patrimonial.<\/span><\/p>\n<p>[\/et_pb_text][et_pb_text _builder_version=&#8221;3.3.1&#8243; text_font=&#8221;||||||||&#8221; text_font_size=&#8221;18px&#8221;]<\/p>\n<p><span>\u2666 Separaci\u00f3n de bienes voluntarias y contenciosas.<\/span><\/p>\n<p>[\/et_pb_text][et_pb_text _builder_version=&#8221;3.3.1&#8243; text_font=&#8221;||||||||&#8221; text_font_size=&#8221;18px&#8221;]<\/p>\n<p><span>\u2666 Disoluci\u00f3n y liquidaci\u00f3n de la sociedad conyugal y patrimonial.<\/span><\/p>\n<p>[\/et_pb_text][et_pb_text _builder_version=&#8221;3.3.1&#8243; text_font=&#8221;||||||||&#8221; text_font_size=&#8221;18px&#8221;]<\/p>\n<p><span>\u2666 Impugnaci\u00f3n e investigaci\u00f3n de la paternidad.<\/span><\/p>\n<p>[\/et_pb_text][et_pb_text _builder_version=&#8221;3.3.1&#8243; text_font=&#8221;||||||||&#8221; text_font_size=&#8221;18px&#8221;]<\/p>\n<p><span>\u2666 Permisos de salida del pa\u00eds para menores de edad.<\/span><\/p>\n<p>[\/et_pb_text][\/et_pb_column][et_pb_column type=&#8221;1_2&#8243; _builder_version=&#8221;3.3.1&#8243; parallax=&#8221;off&#8221; parallax_method=&#8221;on&#8221;][et_pb_text _builder_version=&#8221;3.3.1&#8243; text_font=&#8221;||||||||&#8221; text_font_size=&#8221;18px&#8221;]<\/p>\n<p><span>\u2666 Patria potestad, custodia, cuidado personal y r\u00e9gimen de visitas.<\/span><\/p>\n<p>[\/et_pb_text][et_pb_text _builder_version=&#8221;3.3.1&#8243; text_font=&#8221;||||||||&#8221; text_font_size=&#8221;18px&#8221;]<\/p>\n<p><span>\u2666 Disminuci\u00f3n y aumento de la cuota de alimentos.<\/span><\/p>\n<p>[\/et_pb_text][et_pb_text _builder_version=&#8221;3.3.1&#8243; text_font=&#8221;||||||||&#8221; text_font_size=&#8221;18px&#8221;]<\/p>\n<p><span>\u2666 Suspensi\u00f3n o privaci\u00f3n de la patria potestad.<\/span><\/p>\n<p>[\/et_pb_text][et_pb_text _builder_version=&#8221;3.3.1&#8243; text_font=&#8221;||||||||&#8221; text_font_size=&#8221;18px&#8221;]<\/p>\n<p><span>\u2666 Custodia menores.<\/span><\/p>\n<p>[\/et_pb_text][et_pb_text _builder_version=&#8221;3.3.1&#8243; text_font=&#8221;||||||||&#8221; text_font_size=&#8221;18px&#8221;]<\/p>\n<p><span>\u2666 Sucesiones.<\/span><\/p>\n<p>[\/et_pb_text][et_pb_text _builder_version=&#8221;3.3.1&#8243; text_font=&#8221;||||||||&#8221; text_font_size=&#8221;18px&#8221;]<\/p>\n<p><span>\u2666 Ejecutivo de alimentos.<\/span><\/p>\n<p>[\/et_pb_text][et_pb_text _builder_version=&#8221;3.3.1&#8243; text_font=&#8221;||||||||&#8221; text_font_size=&#8221;18px&#8221;]<\/p>\n<p><span>\u2666 Asesor\u00eda en apoyo transitorio.<\/span><\/p>\n<p>[\/et_pb_text][\/et_pb_column][\/et_pb_row][\/et_pb_section][et_pb_section fb_built=&#8221;1&#8243; _builder_version=&#8221;3.3.1&#8243; custom_padding=&#8221;0|0px|41px|0px|false|false&#8221;][et_pb_row custom_padding=&#8221;0|0px|0|0px|false|false&#8221; _builder_version=&#8221;3.3.1&#8243;][et_pb_column type=&#8221;4_4&#8243; _builder_version=&#8221;3.3.1&#8243; parallax=&#8221;off&#8221; parallax_method=&#8221;on&#8221;][et_pb_button button_text=&#8221;Cont\u00e1ctenos&#8221; button_alignment=&#8221;center&#8221; _builder_version=&#8221;3.3.1&#8243; custom_button=&#8221;on&#8221; button_text_size=&#8221;18px&#8221; button_text_color=&#8221;#ffffff&#8221; button_bg_color=&#8221;#e09900&#8243; button_border_color=&#8221;#e09900&#8243; button_border_radius=&#8221;13px&#8221; button_font=&#8221;Assistant||||||||&#8221; button_icon=&#8221;%%27%%&#8221; button_icon_color=&#8221;#ffffff&#8221; button_text_color_hover=&#8221;#ffffff&#8221; button_bg_color_hover=&#8221;#e09900&#8243; button_border_color_hover=&#8221;#e09900&#8243; box_shadow_style=&#8221;preset1&#8243;][\/et_pb_button][\/et_pb_column][\/et_pb_row][\/et_pb_section][et_pb_section fb_built=&#8221;1&#8243; _builder_version=&#8221;3.3.1&#8243; background_color=&#8221;#273349&#8243; custom_padding=&#8221;0|0px|0|0px|false|false&#8221;][et_pb_row custom_padding=&#8221;45px|0px|0|0px|false|false&#8221; _builder_version=&#8221;3.3.1&#8243;][et_pb_column type=&#8221;1_4&#8243; _builder_version=&#8221;3.3.1&#8243; parallax=&#8221;off&#8221; parallax_method=&#8221;on&#8221;][et_pb_image src=&#8221;https:\/\/servusabogados.com\/wp-content\/uploads\/2023\/09\/45DBC0C5-605E-4C41-A73A-51DAAF7FBFB8.png&#8221; _builder_version=&#8221;3.3.1&#8243;][\/et_pb_image][\/et_pb_column][et_pb_column type=&#8221;1_4&#8243; _builder_version=&#8221;3.3.1&#8243; parallax=&#8221;off&#8221; parallax_method=&#8221;on&#8221;][et_pb_text _builder_version=&#8221;3.3.1&#8243; text_font=&#8221;||||||||&#8221; text_text_color=&#8221;#e09900&#8243;]<\/p>\n<p><b>Enlaces<\/b><\/p>\n<p>[\/et_pb_text][et_pb_button button_url=&#8221;https:\/\/servusabogados.com\/index.php\/quienes-somos\/&#8221; button_text=&#8221;Nuestra Firma&#8221; button_alignment=&#8221;left&#8221; _builder_version=&#8221;3.3.1&#8243; custom_button=&#8221;on&#8221; button_text_size=&#8221;14px&#8221; button_border_width=&#8221;0px&#8221; button_font=&#8221;||||||||&#8221;][\/et_pb_button][et_pb_button button_url=&#8221;https:\/\/servusabogados.com\/index.php\/abogados\/&#8221; button_text=&#8221;Abogados&#8221; button_alignment=&#8221;left&#8221; _builder_version=&#8221;3.3.1&#8243; custom_button=&#8221;on&#8221; button_text_size=&#8221;14px&#8221; button_border_width=&#8221;0px&#8221; button_font=&#8221;||||||||&#8221;][\/et_pb_button][et_pb_button button_url=&#8221;https:\/\/servusabogados.com\/index.php\/abogados\/&#8221; button_text=&#8221;Pol\u00edticas de Privacidad&#8221; button_alignment=&#8221;left&#8221; _builder_version=&#8221;3.3.1&#8243; custom_button=&#8221;on&#8221; button_text_size=&#8221;14px&#8221; button_border_width=&#8221;0px&#8221; button_font=&#8221;||||||||&#8221;][\/et_pb_button][\/et_pb_column][et_pb_column type=&#8221;1_4&#8243; _builder_version=&#8221;3.3.1&#8243; parallax=&#8221;off&#8221; parallax_method=&#8221;on&#8221;][et_pb_text _builder_version=&#8221;3.3.1&#8243; text_font=&#8221;||||||||&#8221; text_text_color=&#8221;#e09900&#8243;]<\/p>\n<p><b>\u00c1reas de Pr\u00e1ctica<\/b><\/p>\n<p>[\/et_pb_text][et_pb_button button_url=&#8221;https:\/\/servusabogados.com\/index.php\/derecho-administrativo-2\/&#8221; button_text=&#8221;Derecho Administrativo&#8221; button_alignment=&#8221;left&#8221; _builder_version=&#8221;3.3.1&#8243; custom_button=&#8221;on&#8221; button_text_size=&#8221;14px&#8221; button_border_width=&#8221;0px&#8221; button_font=&#8221;||||||||&#8221;][\/et_pb_button][et_pb_button button_url=&#8221;https:\/\/servusabogados.com\/index.php\/derecho-civil\/&#8221; button_text=&#8221;Derecho Civil&#8221; button_alignment=&#8221;left&#8221; _builder_version=&#8221;3.3.1&#8243; custom_button=&#8221;on&#8221; button_text_size=&#8221;14px&#8221; button_border_width=&#8221;0px&#8221; button_font=&#8221;||||||||&#8221;][\/et_pb_button][et_pb_button button_url=&#8221;https:\/\/servusabogados.com\/index.php\/derecho-comercial\/&#8221; button_text=&#8221;Derecho Comercial&#8221; button_alignment=&#8221;left&#8221; _builder_version=&#8221;3.3.1&#8243; custom_button=&#8221;on&#8221; button_text_size=&#8221;14px&#8221; button_border_width=&#8221;0px&#8221; button_font=&#8221;||||||||&#8221;][\/et_pb_button][et_pb_button button_url=&#8221;https:\/\/servusabogados.com\/index.php\/derecho-administrativo\/&#8221; button_text=&#8221;Derecho Familiar&#8221; button_alignment=&#8221;left&#8221; _builder_version=&#8221;3.3.1&#8243; custom_button=&#8221;on&#8221; button_text_size=&#8221;14px&#8221; button_border_width=&#8221;0px&#8221; button_font=&#8221;||||||||&#8221;][\/et_pb_button][et_pb_button button_url=&#8221;https:\/\/servusabogados.com\/index.php\/derecho-laboral-y-seguridad-social\/&#8221; button_text=&#8221;Derecho Laboral&#8221; button_alignment=&#8221;left&#8221; _builder_version=&#8221;3.3.1&#8243; custom_button=&#8221;on&#8221; button_text_size=&#8221;14px&#8221; button_border_width=&#8221;0px&#8221; button_font=&#8221;||||||||&#8221;][\/et_pb_button][et_pb_button button_url=&#8221;https:\/\/servusabogados.com\/index.php\/derecho-notarial\/&#8221; button_text=&#8221;Derecho Notarial&#8221; button_alignment=&#8221;left&#8221; _builder_version=&#8221;3.3.1&#8243; custom_button=&#8221;on&#8221; button_text_size=&#8221;14px&#8221; button_border_width=&#8221;0px&#8221; button_font=&#8221;||||||||&#8221;][\/et_pb_button][et_pb_button button_text=&#8221;Derecho Penal&#8221; button_alignment=&#8221;left&#8221; _builder_version=&#8221;3.3.1&#8243; custom_button=&#8221;on&#8221; button_text_size=&#8221;14px&#8221; button_border_width=&#8221;0px&#8221; button_font=&#8221;||||||||&#8221;][\/et_pb_button][\/et_pb_column][et_pb_column type=&#8221;1_4&#8243; _builder_version=&#8221;3.3.1&#8243; parallax=&#8221;off&#8221; parallax_method=&#8221;on&#8221;][et_pb_text _builder_version=&#8221;3.3.1&#8243; text_font=&#8221;||||||||&#8221; text_text_color=&#8221;#e09900&#8243;]<\/p>\n<p><b>Contacto<\/b><\/p>\n<p>[\/et_pb_text][et_pb_text _builder_version=&#8221;3.3.1&#8243; text_font=&#8221;||||||||&#8221; text_text_color=&#8221;#ffffff&#8221;]<\/p>\n<p><strong>Email<\/strong>: <a href=\"mailto:info@servusabogados.com\">info@servusabogados.com<\/a><\/p>\n<p><strong>Tel\u00e9fonos<\/strong>: +57 601 7040660<\/p>\n<p><strong>Celular<\/strong>: +57 301 638 57 97<\/p>\n<p><strong>Direcci\u00f3n<\/strong>: Carrera 8 N 17 &#8211; 50 Of 501<\/p>\n<p><strong>Correspondencia<\/strong>: Calle 19 N 3 &#8211; 50 Of 1303<\/p>\n<p>&nbsp;<\/p>\n<p>[\/et_pb_text][et_pb_divider show_divider=&#8221;off&#8221; _builder_version=&#8221;3.3.1&#8243;][\/et_pb_divider][\/et_pb_column][\/et_pb_row][\/et_pb_section]<\/p>\n","protected":false},"excerpt":{"rendered":"<p>[et_pb_section fb_built=&#8221;1&#8243; admin_label=&#8221;section&#8221; _builder_version=&#8221;3.3.1&#8243; background_color=&#8221;#001338&#8243; background_image=&#8221;https:\/\/servusabogados.com\/wp-content\/uploads\/2023\/05\/Abogado-Servus-Fondo.jpg&#8221; custom_padding=&#8221;0|0px|54px|0px|false|false&#8221; saved_tabs=&#8221;all&#8221;][et_pb_row custom_padding=&#8221;65px|0px|0|0px|false|false&#8221; admin_label=&#8221;row&#8221; _builder_version=&#8221;3.0.47&#8243; background_size=&#8221;initial&#8221; background_position=&#8221;top_left&#8221; background_repeat=&#8221;repeat&#8221;][et_pb_column type=&#8221;4_4&#8243; _builder_version=&#8221;3.0.47&#8243; parallax=&#8221;off&#8221; parallax_method=&#8221;on&#8221;][et_pb_text admin_label=&#8221;Text&#8221; _builder_version=&#8221;3.3.1&#8243; text_font=&#8221;Assistant||||||||&#8221; text_text_color=&#8221;#e09900&#8243; text_font_size=&#8221;40px&#8221; background_size=&#8221;initial&#8221; background_position=&#8221;top_left&#8221; background_repeat=&#8221;repeat&#8221;] DERECHO DE FAMILIA [\/et_pb_text][et_pb_text admin_label=&#8221;Text&#8221; _builder_version=&#8221;3.3.1&#8243; text_font=&#8221;Assistant||||||||&#8221; text_font_size=&#8221;23px&#8221; background_size=&#8221;initial&#8221; background_position=&#8221;top_left&#8221; background_repeat=&#8221;repeat&#8221;] \u201cDefendemos tus derechos, porque tu tranquilidad es nuestra prioridad\u201d [\/et_pb_text][\/et_pb_column][\/et_pb_row][et_pb_row custom_padding=&#8221;27px|0px|32px|0px|false|false&#8221; _builder_version=&#8221;3.3.1&#8243;][et_pb_column type=&#8221;1_3&#8243; _builder_version=&#8221;3.3.1&#8243; parallax=&#8221;off&#8221; parallax_method=&#8221;on&#8221;][et_pb_button button_url=&#8221;https:\/\/api.whatsapp.com\/send\/?phone=573016385797&#038;text&#038;type=phone_number&#038;app_absent=0&#8243; button_text=&#8221;Asesor\u00eda [&hellip;]<\/p>\n","protected":false},"author":1,"featured_media":0,"parent":0,"menu_order":0,"comment_status":"closed","ping_status":"closed","template":"","meta":{"footnotes":""},"_links":{"self":[{"href":"https:\/\/servusabogados.com\/index.php\/wp-json\/wp\/v2\/pages\/96"}],"collection":[{"href":"https:\/\/servusabogados.com\/index.php\/wp-json\/wp\/v2\/pages"}],"about":[{"href":"https:\/\/servusabogados.com\/index.php\/wp-json\/wp\/v2\/types\/page"}],"author":[{"embeddable":true,"href":"https:\/\/servusabogados.com\/index.php\/wp-json\/wp\/v2\/users\/1"}],"replies":[{"embeddable":true,"href":"https:\/\/servusabogados.com\/index.php\/wp-json\/wp\/v2\/comments?post=96"}],"version-history":[{"count":21,"href":"https:\/\/servusabogados.com\/index.php\/wp-json\/wp\/v2\/pages\/96\/revisions"}],"predecessor-version":[{"id":1019,"href":"https:\/\/servusabogados.com\/index.php\/wp-json\/wp\/v2\/pages\/96\/revisions\/1019"}],"wp:attachment":[{"href":"https:\/\/servusabogados.com\/index.php\/wp-json\/wp\/v2\/media?parent=96"}],"curies":[{"name":"wp","href":"https:\/\/api.w.org\/{rel}","templated":true}]}}